{"id":2,"date":"2016-05-10T03:48:21","date_gmt":"2016-05-10T03:48:21","guid":{"rendered":"http:\/\/sp-oensingen.ch\/?page_id=2"},"modified":"2020-11-23T06:06:55","modified_gmt":"2020-11-23T06:06:55","slug":"sample-page","status":"publish","type":"page","link":"https:\/\/sp-oensingen.ch\/","title":{"rendered":""},"content":{"rendered":"<h2 style=\"text-align: left;\"><span style=\"color: #000000;\"><strong>Die <span style=\"color: #ff0000;\">SP Oensingen<\/span> packt an und setzt sich durch<\/strong><\/span><\/h2>\n<p>Die SP h\u00e4lt an sozialen Werten fest, ohne wirtschaftliche Faktoren ausser Acht zu lassen.<\/p>\n<p>Sie hat stets bewiesen, dass auch eine kleine Partei, qualitativ gute Arbeit zu leisten vermag. In der Vergangenheit kam unter aktiver Beteiligung der SP die Wohn\u00fcberbauung \u201eLeuenfeld\u201c zustande, sowie die Super-L\u00f6sung \u201eRoggenpark\u201c, wo man in W\u00fcrde und mit bester Betreuung \u00e4lter werden darf. Das neue \u201eSportzentrum Bechburg\u201c wurde durch die SP von der Projektierung bis zur Ausf\u00fchrung begleitet und nach Budget-Vorgaben erfolgreich abgeschlossen. Auch der Spielplatz (mit bester Infrastruktur) auf dem Pflugerplatz geschah durch Initiierung der SP-Ortspartei, wo sich in der Detailplanung die SP wiederum mit guten L\u00f6sungen f\u00fcr junge Familien und deren Kinder mit Nicole Wyss eingebracht hat.<\/p>\n<p>Bei aller knochenharter Politarbeit werden kulturelle und gesellschaftliche Anl\u00e4sse mit unseren Mitgliedern und Sympis nicht vernachl\u00e4ssigt und erfahren immer eine famili\u00e4re Zusammengeh\u00f6rigkeit.<\/p>\n<p>SP Oensingen in Facts:<\/p>\n<ul>\n<li>Gegr\u00fcndet: ca.<strong>1887<\/strong><\/li>\n<li>Mitglieder: <strong>22<\/strong><\/li>\n<li>Pr\u00e4sident: Seit 2020 leitet <strong>Daniel Steiger<\/strong> &#8211; mit einem kleinen, aber motivierten Vorstand &#8211; die Geschicke der Ortspartei Oensingen. Dabei ist es dem Pr\u00e4sident ein Anliegen, dass die Interessen der EinwohnerInnen geh\u00f6rt und auch im Rahmen des M\u00f6glichen umgesetzt werden.<\/li>\n<\/ul>\n<p>Es ist unserer Partei ein grosses Anliegen, gute Kontakte zu unseren Partner-Parteien der Nachbarschaft, in Kestenholz und Balsthal, zu pflegen und einander immer wieder gegenseitig zu helfen.<\/p>\n<p><img loading=\"lazy\" width=\"944\" height=\"615\" class=\"alignnone size-full wp-image-156\" src=\"http:\/\/sp-oensingen.ch\/wp-content\/uploads\/2016\/05\/zusammen.png\" alt=\"\" srcset=\"https:\/\/sp-oensingen.ch\/wp-content\/uploads\/2016\/05\/zusammen.png 944w, https:\/\/sp-oensingen.ch\/wp-content\/uploads\/2016\/05\/zusammen-300x195.png 300w, https:\/\/sp-oensingen.ch\/wp-content\/uploads\/2016\/05\/zusammen-768x500.png 768w\" sizes=\"(max-width: 944px) 100vw, 944px\" \/><\/p>\n","protected":false},"excerpt":{"rendered":"Die SP Oensingen packt an und setzt sich durch Die SP h\u00e4lt an sozialen Werten fest, ohne wirtschaftliche Faktoren ausser Acht zu lassen. Sie hat stets bewiesen, dass auch eine kleine Partei, qualitativ gute Arbeit zu leisten vermag. In der Vergangenheit kam unter aktiver Beteiligung der SP die Wohn\u00fcberbauung \u201eLeuenfeld\u201c zustande, sowie die Super-L\u00f6sung \u201eRoggenpark\u201c,&#8230; <a class=\"view-article\" href=\"https:\/\/sp-oensingen.ch\/\">Artikel ansehen<\/a>","protected":false},"author":1,"featured_media":0,"parent":0,"menu_order":0,"comment_status":"closed","ping_status":"closed","template":"","meta":[],"_links":{"self":[{"href":"https:\/\/sp-oensingen.ch\/index.php?rest_route=\/wp\/v2\/pages\/2"}],"collection":[{"href":"https:\/\/sp-oensingen.ch\/index.php?rest_route=\/wp\/v2\/pages"}],"about":[{"href":"https:\/\/sp-oensingen.ch\/index.php?rest_route=\/wp\/v2\/types\/page"}],"author":[{"embeddable":true,"href":"https:\/\/sp-oensingen.ch\/index.php?rest_route=\/wp\/v2\/users\/1"}],"replies":[{"embeddable":true,"href":"https:\/\/sp-oensingen.ch\/index.php?rest_route=%2Fwp%2Fv2%2Fcomments&post=2"}],"version-history":[{"count":45,"href":"https:\/\/sp-oensingen.ch\/index.php?rest_route=\/wp\/v2\/pages\/2\/revisions"}],"predecessor-version":[{"id":254,"href":"https:\/\/sp-oensingen.ch\/index.php?rest_route=\/wp\/v2\/pages\/2\/revisions\/254"}],"wp:attachment":[{"href":"https:\/\/sp-oensingen.ch\/index.php?rest_route=%2Fwp%2Fv2%2Fmedia&parent=2"}],"curies":[{"name":"wp","href":"https:\/\/api.w.org\/{rel}","templated":true}]}}