{"id":21,"date":"2017-05-16T17:35:48","date_gmt":"2017-05-16T17:35:48","guid":{"rendered":"http:\/\/sp-oensingen.ch\/?page_id=21"},"modified":"2021-05-20T04:58:50","modified_gmt":"2021-05-20T04:58:50","slug":"news","status":"publish","type":"page","link":"https:\/\/sp-oensingen.ch\/?page_id=21","title":{"rendered":"NEWS"},"content":{"rendered":"<h3><strong><span style=\"color: #ff0000;\">Nicole Wyss als Gemeinderats-Mitglied wiedergew\u00e4hlt<br \/><\/span><\/strong><\/h3>\n<p><span style=\"color: #ff0000;\">Herzliche Gratulation an Nicole f\u00fcr die Wahl sowie Rafael und Daniel f\u00fcr die guten Resultate.<\/span><\/p>\n<p>Detaillierte Resultate:\u00a0 <a href=\"http:\/\/www.oensingen.ch\/dl.php\/de\/60855fbf30ba1\/210425_Wahlprotokoll_Gemeinderat_2021-2025.pdf\">http:\/\/www.oensingen.ch\/dl.php\/de\/60855fbf30ba1\/210425_Wahlprotokoll_Gemeinderat_2021-2025.pdf<\/a><\/p>\n<p>\u00a0<\/p>\n<hr \/>\n<h3><span style=\"color: #ff0000;\"><strong>Nicole Wyss als Kantonsr\u00e4tin wiedergew\u00e4hlt<br \/><\/strong><\/span><\/h3>\n<p>Herzliche Gratulation an Nicole Wyss f\u00fcr die Wiederwahl und den beiden anderen Kandiaten (Daniel Steiger und Rafael Ingold) f\u00fcr die guten Resultate.<\/p>\n<p>Link der Resultate Kantonsratswahlen 2021 (Thal-G\u00e4u):\u00a0 <a href=\"https:\/\/sostimmt.so.ch\/gui\/layout\/2021\/36\/138\">https:\/\/sostimmt.so.ch\/gui\/layout\/2021\/36\/138<\/a><\/p>\n\n\n<p><\/p>\n","protected":false},"excerpt":{"rendered":"Nicole Wyss als Gemeinderats-Mitglied wiedergew\u00e4hlt Herzliche Gratulation an Nicole f\u00fcr die Wahl sowie Rafael und Daniel f\u00fcr die guten Resultate. Detaillierte Resultate:\u00a0 http:\/\/www.oensingen.ch\/dl.php\/de\/60855fbf30ba1\/210425_Wahlprotokoll_Gemeinderat_2021-2025.pdf \u00a0 Nicole Wyss als Kantonsr\u00e4tin wiedergew\u00e4hlt Herzliche Gratulation an Nicole Wyss f\u00fcr die Wiederwahl und den beiden anderen Kandiaten (Daniel Steiger und Rafael Ingold) f\u00fcr die guten Resultate. Link der Resultate Kantonsratswahlen&#8230; <a class=\"view-article\" href=\"https:\/\/sp-oensingen.ch\/?page_id=21\">Artikel ansehen<\/a>","protected":false},"author":1,"featured_media":0,"parent":0,"menu_order":0,"comment_status":"closed","ping_status":"closed","template":"","meta":[],"_links":{"self":[{"href":"https:\/\/sp-oensingen.ch\/index.php?rest_route=\/wp\/v2\/pages\/21"}],"collection":[{"href":"https:\/\/sp-oensingen.ch\/index.php?rest_route=\/wp\/v2\/pages"}],"about":[{"href":"https:\/\/sp-oensingen.ch\/index.php?rest_route=\/wp\/v2\/types\/page"}],"author":[{"embeddable":true,"href":"https:\/\/sp-oensingen.ch\/index.php?rest_route=\/wp\/v2\/users\/1"}],"replies":[{"embeddable":true,"href":"https:\/\/sp-oensingen.ch\/index.php?rest_route=%2Fwp%2Fv2%2Fcomments&post=21"}],"version-history":[{"count":42,"href":"https:\/\/sp-oensingen.ch\/index.php?rest_route=\/wp\/v2\/pages\/21\/revisions"}],"predecessor-version":[{"id":274,"href":"https:\/\/sp-oensingen.ch\/index.php?rest_route=\/wp\/v2\/pages\/21\/revisions\/274"}],"wp:attachment":[{"href":"https:\/\/sp-oensingen.ch\/index.php?rest_route=%2Fwp%2Fv2%2Fmedia&parent=21"}],"curies":[{"name":"wp","href":"https:\/\/api.w.org\/{rel}","templated":true}]}}